{"id":89,"date":"2023-10-10T09:43:12","date_gmt":"2023-10-10T09:43:12","guid":{"rendered":"http:\/\/193.194.89.189\/wp_ltir\/?page_id=89"},"modified":"2024-07-02T12:20:57","modified_gmt":"2024-07-02T12:20:57","slug":"analyse-dimages-2d-3d","status":"publish","type":"page","link":"https:\/\/ltir.usthb.dz\/index.php\/analyse-dimages-2d-3d\/","title":{"rendered":"Analysis, compression and quality of images and video"},"content":{"rendered":"\n<p><\/p>\n\n\n\n<p><a href=\"http:\/\/193.194.89.189\/wp_ltir\/index.php\/activite-de-recherche-2\/\">Activit\u00e9 de Recherche<\/a><\/p>\n\n\n\n<p><a href=\"http:\/\/193.194.89.189\/wp_ltir\/index.php\/compositions-humaines-3\/\">Compositions Humaines<\/a><\/p>\n\n\n\n<p><a href=\"http:\/\/193.194.89.189\/wp_ltir\/index.php\/realisation-douvrages-3\/\">R\u00e9alisation d\u2019ouvrages<\/a><\/p>\n\n\n\n<p><a href=\"http:\/\/193.194.89.189\/wp_ltir\/index.php\/publications-internationales-3\/\">Publications internationales<\/a><\/p>\n\n\n\n<p><a href=\"http:\/\/193.194.89.189\/wp_ltir\/index.php\/publications-nationales-4\/\">Publications Nationales<\/a><\/p>\n\n\n\n<p><a href=\"http:\/\/193.194.89.189\/wp_ltir\/index.php\/communications-internationales-3\/\">Communications Internationales<\/a><\/p>\n\n\n\n<p><a href=\"http:\/\/193.194.89.189\/wp_ltir\/index.php\/communications-nationales-2\/\">Communications Nationales<\/a><\/p>\n\n\n\n<p><a href=\"http:\/\/193.194.89.189\/wp_ltir\/index.php\/theses-de-doctorat-3\/\">Th\u00e8ses de Doctorat<\/a><\/p>\n\n\n\n<p><a href=\"http:\/\/193.194.89.189\/wp_ltir\/index.php\/theses-de-magister-2\/\">Th\u00e8ses de Magister<\/a><\/p>\n\n\n\n<p><a href=\"http:\/\/193.194.89.189\/wp_ltir\/index.php\/projet-de-recherche-2\/\">Projet de Recherche<\/a><\/p>\n\n\n\n<p><a href=\"http:\/\/193.194.89.189\/wp_ltir\/index.php\/projet-de-cooperation-2\/\">Projet de Coop\u00e9ration<\/a><\/p>\n\n\n\n<p><a href=\"http:\/\/193.194.89.189\/wp_ltir\/index.php\/outils-logiciel-2\/\">Outils logiciel<\/a><\/p>\n\n\n\n<p><a href=\"http:\/\/193.194.89.189\/wp_ltir\/index.php\/listes-des-etudiants-doctorants-2\/\">Listes des \u00c9tudiants Doctorants<\/a><\/p>\n\n\n\n<p><a href=\"http:\/\/193.194.89.189\/wp_ltir\/index.php\/divers-3\/\">Divers<\/a><\/p>\n","protected":false},"excerpt":{"rendered":"<p>Activit\u00e9 de Recherche Compositions Humaines R\u00e9alisation d\u2019ouvrages Publications internationales Publications Nationales Communications Internationales Communications Nationales Th\u00e8ses de Doctorat Th\u00e8ses de Magister Projet de Recherche Projet de Coop\u00e9ration Outils logiciel Listes des \u00c9tudiants Doctorants Divers<\/p>\n","protected":false},"author":1,"featured_media":519,"parent":0,"menu_order":0,"comment_status":"closed","ping_status":"closed","template":"","meta":[],"_links":{"self":[{"href":"https:\/\/ltir.usthb.dz\/index.php\/wp-json\/wp\/v2\/pages\/89"}],"collection":[{"href":"https:\/\/ltir.usthb.dz\/index.php\/wp-json\/wp\/v2\/pages"}],"about":[{"href":"https:\/\/ltir.usthb.dz\/index.php\/wp-json\/wp\/v2\/types\/page"}],"author":[{"embeddable":true,"href":"https:\/\/ltir.usthb.dz\/index.php\/wp-json\/wp\/v2\/users\/1"}],"replies":[{"embeddable":true,"href":"https:\/\/ltir.usthb.dz\/index.php\/wp-json\/wp\/v2\/comments?post=89"}],"version-history":[{"count":19,"href":"https:\/\/ltir.usthb.dz\/index.php\/wp-json\/wp\/v2\/pages\/89\/revisions"}],"predecessor-version":[{"id":437,"href":"https:\/\/ltir.usthb.dz\/index.php\/wp-json\/wp\/v2\/pages\/89\/revisions\/437"}],"wp:featuredmedia":[{"embeddable":true,"href":"https:\/\/ltir.usthb.dz\/index.php\/wp-json\/wp\/v2\/media\/519"}],"wp:attachment":[{"href":"https:\/\/ltir.usthb.dz\/index.php\/wp-json\/wp\/v2\/media?parent=89"}],"curies":[{"name":"wp","href":"https:\/\/api.w.org\/{rel}","templated":true}]}}