{"id":64,"date":"2023-06-22T09:04:27","date_gmt":"2023-06-22T09:04:27","guid":{"rendered":"http:\/\/193.194.89.189\/wp_ltir\/?page_id=64"},"modified":"2024-07-02T12:19:35","modified_gmt":"2024-07-02T12:19:35","slug":"64-2","status":"publish","type":"page","link":"https:\/\/ltir.usthb.dz\/index.php\/64-2\/","title":{"rendered":"\u00a0 Instrumentation, Remote Sensing, Atmosphere Modeling"},"content":{"rendered":"\n<p><a href=\"https:\/\/ltir.usthb.dz\/index.php\/activites-de-recherche\/\">Activit\u00e9s de Recherche<\/a><\/p>\n\n\n\n<p><a href=\"https:\/\/ltir.usthb.dz\/index.php\/compositions-humaines\/\">Compositions Humaines<\/a><\/p>\n\n\n\n<p><a href=\"https:\/\/ltir.usthb.dz\/index.php\/realisation-douvrages\/\">R\u00e9alisation d\u2019Ouvrages<\/a><\/p>\n\n\n\n<p><a href=\"https:\/\/ltir.usthb.dz\/index.php\/publications-internationales\/\">Publications Internationales<\/a><\/p>\n\n\n\n<p><a href=\"https:\/\/ltir.usthb.dz\/index.php\/publications-nationales\/\">Publications Nationales<\/a><\/p>\n\n\n\n<p><a href=\"https:\/\/ltir.usthb.dz\/index.php\/communications-internationales\/\">Communications Internationales<\/a><\/p>\n\n\n\n<p><a href=\"https:\/\/ltir.usthb.dz\/index.php\/1-communications-nationales\/\">Communications Nationales<\/a><\/p>\n\n\n\n<p><a href=\"https:\/\/ltir.usthb.dz\/index.php\/theses-de-doctorat\/\">Th\u00e8ses de Doctorat<\/a><\/p>\n\n\n\n<p><a href=\"https:\/\/ltir.usthb.dz\/index.php\/these-de-magister\/\">Th\u00e8se de Magister<\/a><\/p>\n\n\n\n<p><a href=\"https:\/\/ltir.usthb.dz\/index.php\/projets-de-recherche\/\">Projets de recherche<\/a><\/p>\n\n\n\n<p><a href=\"https:\/\/ltir.usthb.dz\/index.php\/projets-de-cooperation\/\">Projets de coop\u00e9ration<\/a><\/p>\n\n\n\n<p><a href=\"https:\/\/ltir.usthb.dz\/index.php\/outils-logiciels\/\">Outils logiciels<\/a><\/p>\n\n\n\n<p><a href=\"https:\/\/ltir.usthb.dz\/index.php\/communications-nationales\/\">Communications Nationales<\/a><\/p>\n\n\n\n<p><a href=\"https:\/\/ltir.usthb.dz\/index.php\/1-divers\/\">Divers<\/a><\/p>\n","protected":false},"excerpt":{"rendered":"<p>Activit\u00e9s de Recherche Compositions Humaines R\u00e9alisation d\u2019Ouvrages Publications Internationales Publications Nationales Communications Internationales Communications Nationales Th\u00e8ses de Doctorat Th\u00e8se de Magister Projets de recherche Projets de coop\u00e9ration Outils logiciels Communications Nationales Divers<\/p>\n","protected":false},"author":1,"featured_media":517,"parent":0,"menu_order":0,"comment_status":"closed","ping_status":"closed","template":"","meta":[],"_links":{"self":[{"href":"https:\/\/ltir.usthb.dz\/index.php\/wp-json\/wp\/v2\/pages\/64"}],"collection":[{"href":"https:\/\/ltir.usthb.dz\/index.php\/wp-json\/wp\/v2\/pages"}],"about":[{"href":"https:\/\/ltir.usthb.dz\/index.php\/wp-json\/wp\/v2\/types\/page"}],"author":[{"embeddable":true,"href":"https:\/\/ltir.usthb.dz\/index.php\/wp-json\/wp\/v2\/users\/1"}],"replies":[{"embeddable":true,"href":"https:\/\/ltir.usthb.dz\/index.php\/wp-json\/wp\/v2\/comments?post=64"}],"version-history":[{"count":46,"href":"https:\/\/ltir.usthb.dz\/index.php\/wp-json\/wp\/v2\/pages\/64\/revisions"}],"predecessor-version":[{"id":506,"href":"https:\/\/ltir.usthb.dz\/index.php\/wp-json\/wp\/v2\/pages\/64\/revisions\/506"}],"wp:featuredmedia":[{"embeddable":true,"href":"https:\/\/ltir.usthb.dz\/index.php\/wp-json\/wp\/v2\/media\/517"}],"wp:attachment":[{"href":"https:\/\/ltir.usthb.dz\/index.php\/wp-json\/wp\/v2\/media?parent=64"}],"curies":[{"name":"wp","href":"https:\/\/api.w.org\/{rel}","templated":true}]}}