{"id":30,"date":"2023-06-20T13:30:32","date_gmt":"2023-06-20T13:30:32","guid":{"rendered":"http:\/\/193.194.89.189\/wp_ltir\/?page_id=30"},"modified":"2023-06-20T13:44:35","modified_gmt":"2023-06-20T13:44:35","slug":"contacts","status":"publish","type":"page","link":"https:\/\/ltir.usthb.dz\/index.php\/contacts\/","title":{"rendered":"Contacts"},"content":{"rendered":"\n<p><strong>Universit\u00e9 des Sciences et de la Technologie HOUARI BOUMEDIENE<\/strong><\/p>\n\n\n\n<p>Facult\u00e9 de G\u00e9nie \u00c9lectrique<\/p>\n\n\n\n<p><strong>Laboratoire Traitement d\u2019Images et Rayonnement ( L.T.I.R )<\/strong><\/p>\n\n\n\n<p><strong>Directrice de laboratoire :<\/strong>\u00a0Mme Mounira  OUARZEDDINE<\/p>\n\n\n\n<p><strong>Adresse :&nbsp;<\/strong>USTHB \/ FEI, BP32 EL ALIA, BAB EZZOUAR 16111 ALGER,<\/p>\n\n\n\n<p>ALGERIE<\/p>\n\n\n\n<p><strong>T\u00e9l\u00e9phone :<\/strong>&nbsp;213 21 24 79 12 \/ 50 \/ 64 Poste : 806<\/p>\n\n\n\n<p><img decoding=\"async\" loading=\"lazy\" alt=\"Image removed.\" src=\"https:\/\/ltir.usthb.dz\/core\/misc\/icons\/e32700\/error.svg\" width=\"16\" height=\"16\"><strong>E-Mail :<\/strong>&nbsp;<a href=\"mailto:ltirfei@yahoo.com\">ltirfei@yahoo.com<\/a><\/p>\n\n\n\n<p><strong>E-Mail :<\/strong>&nbsp;<a href=\"mailto:ltir@usthb.dz\">ltir@usthb.dz<\/a><\/p>\n","protected":false},"excerpt":{"rendered":"<p>Universit\u00e9 des Sciences et de la Technologie HOUARI BOUMEDIENE Facult\u00e9 de G\u00e9nie \u00c9lectrique Laboratoire Traitement d\u2019Images et Rayonnement ( L.T.I.R ) Directrice de laboratoire :\u00a0Mme Mounira OUARZEDDINE Adresse :&nbsp;USTHB \/ FEI, BP32 EL ALIA, BAB EZZOUAR 16111 ALGER, ALGERIE T\u00e9l\u00e9phone <span class=\"readmore\"><a href=\"https:\/\/ltir.usthb.dz\/index.php\/contacts\/\">Continue Reading<\/a><\/span><\/p>\n","protected":false},"author":1,"featured_media":0,"parent":0,"menu_order":0,"comment_status":"closed","ping_status":"closed","template":"","meta":[],"_links":{"self":[{"href":"https:\/\/ltir.usthb.dz\/index.php\/wp-json\/wp\/v2\/pages\/30"}],"collection":[{"href":"https:\/\/ltir.usthb.dz\/index.php\/wp-json\/wp\/v2\/pages"}],"about":[{"href":"https:\/\/ltir.usthb.dz\/index.php\/wp-json\/wp\/v2\/types\/page"}],"author":[{"embeddable":true,"href":"https:\/\/ltir.usthb.dz\/index.php\/wp-json\/wp\/v2\/users\/1"}],"replies":[{"embeddable":true,"href":"https:\/\/ltir.usthb.dz\/index.php\/wp-json\/wp\/v2\/comments?post=30"}],"version-history":[{"count":2,"href":"https:\/\/ltir.usthb.dz\/index.php\/wp-json\/wp\/v2\/pages\/30\/revisions"}],"predecessor-version":[{"id":50,"href":"https:\/\/ltir.usthb.dz\/index.php\/wp-json\/wp\/v2\/pages\/30\/revisions\/50"}],"wp:attachment":[{"href":"https:\/\/ltir.usthb.dz\/index.php\/wp-json\/wp\/v2\/media?parent=30"}],"curies":[{"name":"wp","href":"https:\/\/api.w.org\/{rel}","templated":true}]}}