{"id":28,"date":"2023-06-20T13:30:05","date_gmt":"2023-06-20T13:30:05","guid":{"rendered":"http:\/\/193.194.89.189\/wp_ltir\/?page_id=28"},"modified":"2024-04-18T12:54:10","modified_gmt":"2024-04-18T12:54:10","slug":"journees-scientifiques","status":"publish","type":"page","link":"https:\/\/ltir.usthb.dz\/index.php\/journees-scientifiques\/","title":{"rendered":"Journ\u00e9es Scientifiques"},"content":{"rendered":"\n<p><strong><a href=\"http:\/\/www.ltir.usthb.dz\/sites\/default\/files\/affiche-jsltir-2015-final.pdf\">**<\/a><a href=\"http:\/\/6jsltir.e-monsite.com\/\" target=\"_blank\" rel=\"noreferrer noopener\">6\u00e8me Journ\u00e9es Scientifiques du laboratoire JSLTIR\u20192015**<\/a>.<\/strong> (nombre de participants avec communications) .<\/p>\n\n\n\n<p>-**Formation sur les outils de Traitement d\u2019Images de T\u00e9l\u00e9d\u00e9tection et R\u00e9alisation d\u2019Applications FITRA\u20192012**,<br>Alger, 9 &#8211; 12 D\u00e9cembre 2012.<br>Cette formation, \u00e0 caract\u00e8re international, ax\u00e9e sur le traitement des images satellitaires a \u00e9t\u00e9 organis\u00e9e par le Laboratoire de Traitement d\u2019Images et Rayonnement de la Facult\u00e9 d\u2019\u00c9lectronique et d\u2019Informatique de l\u2019USTHB (LTIR\/FEI\/USTHB) et les Laboratoires de GEOPHysique et de G\u00e9ographie et de l\u2019Am\u00e9nagement du Territoire de la Facult\u00e9 des Sciences de la Terre, de G\u00e9ographie et de l\u2019Am\u00e9nagement du Territoire de l\u2019USTHB (LAGEOPH\/LGAT\/FSTGAT\/USTHB) en partenariat avec le r\u00e9seau de t\u00e9l\u00e9d\u00e9tection de l\u2019Agence Universitaire de la Francophonie (AUF), le Centre National d\u2019Etudes Spatiales (CNES\/Toulouse\/France), l\u2019Agence Spatiale Alg\u00e9rienne (ASAL\/Alg\u00e9rie) et le Centre d\u2019\u00c9tude Spatiale de la Biosph\u00e8re (CESBIO\/Toulouse\/France).<a href=\"http:\/\/usthb.dz\/ltir\/sites\/default\/files\/Fitra2012.pdf\">telecherger pdf<\/a><\/p>\n\n\n\n<p>-** Cinqui\u00e8mes Journ\u00e9es Scientifiques du laboratoire de Traitement d\u2019Images et Rayonnement.** Facult\u00e9 d\u2019\u00c9lectronique et d\u2019informatique, USTHB, 06-07 Juin 2011.<\/p>\n\n\n\n<p><strong>&#8211; <a href=\"http:\/\/www.ltir.usthb.dz\/sites\/default\/files\/JAS09_31_10_09.pdf\">**<\/a><a rel=\"noreferrer noopener\" href=\"http:\/\/docplayer.fr\/8382944-Troisiemes-journees-d-animation-scientifique-du-reseau-de-teledetection-de-l-auf-jas-09-recueil-des-resumes-usthb-alger-8-11-novembre-2009.html\" target=\"_blank\">Troisi\u00e8mes Journ\u00e9es d\u2019Animation Scientifique**<\/a><a href=\"http:\/\/www.ltir.usthb.dz\/sites\/default\/files\/JAS_08_11nov_09.pdf\"> du r\u00e9seau de T\u00e9l\u00e9d\u00e9tection de l\u2019AUF JAS\u201909 organis\u00e9 par le Laboratoire de Traitement d\u2019images et Rayonnement<\/a> :<\/strong> \u00ab Imagerie Satellitaire Multisources : Approches M\u00e9thodologiques et Applications \u00bb, USTHB, Alger, 8 &#8211; 11 novembre 2009.<a href=\"http:\/\/ltir.usthb.dz\/sites\/default\/files\/recueil_de_resumes_31_10_09.pdf\">telecherger pdf<\/a><\/p>\n\n\n\n<p>&#8211; Quatri\u00e8me Journ\u00e9e Scientifique du Laboratoire de Traitement d\u2019Images et Rayonnement. Facult\u00e9 d\u2019\u00c9lectronique et d\u2019informatique USTHB, 04 D\u00e9cembre 2007.<\/p>\n\n\n\n<p>&#8211; Premi\u00e8re Journ\u00e9e Nationale sur les Applications des M\u00e9taheuristiques (JNAM\u201907). Facult\u00e9 d\u2019\u00c9lectronique et d\u2019informatique et facult\u00e9 des math\u00e9matiques USTHB 29 Mai 2007.<\/p>\n\n\n\n<p><strong>-Troisi\u00e8me Journ\u00e9e Scientifique du Laboratoire de Traitement d\u2019Images et Rayonnement.<\/strong> Facult\u00e9 d\u2019\u00c9lectronique et d\u2019informatique USTHB 22 Juin 2005.<\/p>\n\n\n\n<p><strong>&#8211;<a href=\"http:\/\/www.ltir.usthb.dz\/sites\/default\/files\/JS-LTIR-2004.pdf\"> Deuxi\u00e8me Journ\u00e9e Scientifique du Laboratoire de Traitement d\u2019Images et Rayonnement.<\/a><\/strong> Facult\u00e9 d\u2019\u00c9lectronique et d\u2019informatique USTHB 07 Juin 2004.<\/p>\n\n\n\n<p>-Premi\u00e8re Journ\u00e9e Scientifique du Laboratoire de Traitement d\u2019Images et Rayonnement. Facult\u00e9 d\u2019\u00c9lectronique et d\u2019informatique USTHB 27 Avril 2003.<\/p>\n\n\n\n<p>File:&nbsp;<\/p>\n\n\n\n<p><img decoding=\"async\" alt=\"PDF icon\" src=\"http:\/\/193.194.89.126\/ltir\/modules\/file\/icons\/application-pdf.png\"> <a href=\"http:\/\/193.194.89.126\/ltir\/sites\/default\/files\/JSLTIR-2.pdf\">JSLTIR-2.pdf<\/a><\/p>\n","protected":false},"excerpt":{"rendered":"<p>**6\u00e8me Journ\u00e9es Scientifiques du laboratoire JSLTIR\u20192015**. (nombre de participants avec communications) . -**Formation sur les outils de Traitement d\u2019Images de T\u00e9l\u00e9d\u00e9tection et R\u00e9alisation d\u2019Applications FITRA\u20192012**,Alger, 9 &#8211; 12 D\u00e9cembre 2012.Cette formation, \u00e0 caract\u00e8re international, ax\u00e9e sur le traitement des images <span class=\"readmore\"><a href=\"https:\/\/ltir.usthb.dz\/index.php\/journees-scientifiques\/\">Continue Reading<\/a><\/span><\/p>\n","protected":false},"author":1,"featured_media":0,"parent":0,"menu_order":0,"comment_status":"closed","ping_status":"closed","template":"","meta":[],"_links":{"self":[{"href":"https:\/\/ltir.usthb.dz\/index.php\/wp-json\/wp\/v2\/pages\/28"}],"collection":[{"href":"https:\/\/ltir.usthb.dz\/index.php\/wp-json\/wp\/v2\/pages"}],"about":[{"href":"https:\/\/ltir.usthb.dz\/index.php\/wp-json\/wp\/v2\/types\/page"}],"author":[{"embeddable":true,"href":"https:\/\/ltir.usthb.dz\/index.php\/wp-json\/wp\/v2\/users\/1"}],"replies":[{"embeddable":true,"href":"https:\/\/ltir.usthb.dz\/index.php\/wp-json\/wp\/v2\/comments?post=28"}],"version-history":[{"count":6,"href":"https:\/\/ltir.usthb.dz\/index.php\/wp-json\/wp\/v2\/pages\/28\/revisions"}],"predecessor-version":[{"id":478,"href":"https:\/\/ltir.usthb.dz\/index.php\/wp-json\/wp\/v2\/pages\/28\/revisions\/478"}],"wp:attachment":[{"href":"https:\/\/ltir.usthb.dz\/index.php\/wp-json\/wp\/v2\/media?parent=28"}],"curies":[{"name":"wp","href":"https:\/\/api.w.org\/{rel}","templated":true}]}}