{"id":26,"date":"2023-06-20T13:29:17","date_gmt":"2023-06-20T13:29:17","guid":{"rendered":"http:\/\/193.194.89.189\/wp_ltir\/?page_id=26"},"modified":"2023-06-20T13:41:08","modified_gmt":"2023-06-20T13:41:08","slug":"partenaires-internationaux","status":"publish","type":"page","link":"https:\/\/ltir.usthb.dz\/index.php\/partenaires-internationaux\/","title":{"rendered":"Partenaires Internationaux"},"content":{"rendered":"\n<p>Institut d\u2019\u00c9lectronique et de T\u00e9l\u00e9communications de Rennes IETR, INSA de Rennes, France.Partenaire: Professeur Olivier Deforges<\/p>\n\n\n\n<p>-Laboratoire de Traitement et de Transport de l\u2019Information L2TI. Partenaire: Professeur Azeddine Beghdadi<\/p>\n\n\n\n<p>-Laboratoire LARIM, D\u00e9partement d\u2019informatique et d\u2019ing\u00e9nierie ,Universit\u00e9 du Qu\u00e9bec en Outaouais, C.P. 1250, Succ. B, Gatineau, Qu\u00e9bec, J8X 3X7, Canada Partenaire: Professeure Nadia Baaziz, Ph.D. Ing.<\/p>\n\n\n\n<p>-Laboratorio di telerilevamento ambientale dell\u2019Universit\u00e0 di NapoliParthenope, Napoli, ItaliPartenaire: Professeur Maurizio Migliaccio<\/p>\n\n\n\n<p>-Universitat Pompeu Fabra , Department of Humanities, CaSEs Research Group, ,c\/Ramon TriasFargasm, 25- 27, 08005, Barcelona, Spain Partenaire: Docteur Stefano Biagetti<\/p>\n\n\n\n<p>-Department of Information Engineering and Computer Science, University of Trento,Via Sommarive, 14, I-38123, Trento, Italy. Partenaire: Professeur Farid Melgani<\/p>\n","protected":false},"excerpt":{"rendered":"<p>Institut d\u2019\u00c9lectronique et de T\u00e9l\u00e9communications de Rennes IETR, INSA de Rennes, France.Partenaire: Professeur Olivier Deforges -Laboratoire de Traitement et de Transport de l\u2019Information L2TI. Partenaire: Professeur Azeddine Beghdadi -Laboratoire LARIM, D\u00e9partement d\u2019informatique et d\u2019ing\u00e9nierie ,Universit\u00e9 du Qu\u00e9bec en Outaouais, C.P. <span class=\"readmore\"><a href=\"https:\/\/ltir.usthb.dz\/index.php\/partenaires-internationaux\/\">Continue Reading<\/a><\/span><\/p>\n","protected":false},"author":1,"featured_media":0,"parent":0,"menu_order":0,"comment_status":"closed","ping_status":"closed","template":"","meta":[],"_links":{"self":[{"href":"https:\/\/ltir.usthb.dz\/index.php\/wp-json\/wp\/v2\/pages\/26"}],"collection":[{"href":"https:\/\/ltir.usthb.dz\/index.php\/wp-json\/wp\/v2\/pages"}],"about":[{"href":"https:\/\/ltir.usthb.dz\/index.php\/wp-json\/wp\/v2\/types\/page"}],"author":[{"embeddable":true,"href":"https:\/\/ltir.usthb.dz\/index.php\/wp-json\/wp\/v2\/users\/1"}],"replies":[{"embeddable":true,"href":"https:\/\/ltir.usthb.dz\/index.php\/wp-json\/wp\/v2\/comments?post=26"}],"version-history":[{"count":2,"href":"https:\/\/ltir.usthb.dz\/index.php\/wp-json\/wp\/v2\/pages\/26\/revisions"}],"predecessor-version":[{"id":48,"href":"https:\/\/ltir.usthb.dz\/index.php\/wp-json\/wp\/v2\/pages\/26\/revisions\/48"}],"wp:attachment":[{"href":"https:\/\/ltir.usthb.dz\/index.php\/wp-json\/wp\/v2\/media?parent=26"}],"curies":[{"name":"wp","href":"https:\/\/api.w.org\/{rel}","templated":true}]}}