{"id":22,"date":"2023-06-20T13:27:52","date_gmt":"2023-06-20T13:27:52","guid":{"rendered":"http:\/\/193.194.89.189\/wp_ltir\/?page_id=22"},"modified":"2023-06-20T13:46:39","modified_gmt":"2023-06-20T13:46:39","slug":"presentation","status":"publish","type":"page","link":"https:\/\/ltir.usthb.dz\/index.php\/presentation\/","title":{"rendered":"pr\u00e9sentation"},"content":{"rendered":"\n<p>Cr\u00e9\u00e9 en Juillet 2000,le<strong> Laboratoire Traitement d\u2019Images et Rayonnement de la Facult\u00e9<\/strong> de G\u00e9nie El\u00e9ctrique <a href=\"http:\/\/www.usthb.dz\/fei\/spip.php?rubrique48\/\">(FGE), Universit\u00e9 des Sciences et Technologie Houari Boumedi\u00e8ne<\/a><a href=\"http:\/\/www.usthb.dz\/\">(USTHB)<\/a>est form\u00e9 de quatre \u00e9quipes de recherche dont les principaux axes de recherche fondamentale et de recherche-d\u00e9veloppement sont :<br><strong>&#8211; Equipe1<a href=\"http:\/\/www.ltir.usthb.dz\/?q=Etude%20de%20la%20basse%20atmosph%C3%A8re%20et%20radar\">:<\/a><\/strong> La mod\u00e9lisation de la basse atmosph\u00e8re et les radars m\u00e9t\u00e9orologiques.<br><strong>&#8211; Equipe2 <a href=\"http:\/\/www.ltir.usthb.dz\/?q=Syst%C3%A8me%20d%E2%80%99Information%20G%C3%A9ographique%20%28SIG%29%20traitement%20et%20int%C3%A9gration%20des%20donn%C3%A9es%20g%C3%A9o-r%C3%A9f%C3%A9renc%C3%A9es\">: <\/a><\/strong>Les Syst\u00e8mes d\u2019Information G\u00e9ographique le traitement et l\u2019int\u00e9gration des donn\u00e9es g\u00e9o-r\u00e9f\u00e9renc\u00e9es.<br><strong>&#8211; Equipe3 <a href=\"http:\/\/www.ltir.usthb.dz\/?q=Analyse%20d%E2%80%99images%202D\/3D\">:<\/a><\/strong> L\u2019analyse d\u2019images 2D \/3D et leurs repr\u00e9sentations.<br><strong>&#8211; Equipe4 <a href=\"http:\/\/www.ltir.usthb.dz\/?q=Imagerie%20radar%20SAR%20et%20Fusion%20d%E2%80%99images%20multisource\">:<\/a><\/strong> L\u2019imagerie Radar et la fusion d\u2019images multisources.<\/p>\n\n\n\n<p>Des enseignants chercheurs de la Facult\u00e9 d\u2019Electronique et d\u2019Informatique constituent les membres permanents du LTIR. Des \u00e9tudiants chercheurs en premi\u00e8re et deuxi\u00e8me post-graduation de la FEI ou issus d\u2019autres structures, sont associ\u00e9s \u00e0 ce laboratoire.<\/p>\n\n\n\n<h2><strong>Objectifs<\/strong><\/h2>\n\n\n\n<p>Les recherches du LTIR rel\u00e8vent des domaines des sciences et technologies de l\u2019information, de la m\u00e9t\u00e9orologie et de la sant\u00e9. Leurs orientations sont \u00e0 la fois M\u00e9thodologiques, Technologiques et Applicatives et leurs finalit\u00e9s sont l\u2019interpr\u00e9tation et l\u2019aide \u00e0 la d\u00e9cision. Ces recherches s\u2019articulent autour du noyau \u2018Image 2D\/3D \u2013 T\u00e9l\u00e9d\u00e9tection \u2013 SIG &#8211; Rayonnement\u2019 apportant ainsi une plus value essentielle.<\/p>\n\n\n\n<p>Les missions essentielles du LTIR sont, d\u2019une part, la formation d\u2019enseignants chercheurs de haut niveau et, d\u2019autres part le d\u00e9veloppement de mod\u00e8les, d\u2019outils de traitement d\u2019images et de bases de donn\u00e9es g\u00e9ographiques, ainsi que l\u2019\u00e9tude et la r\u00e9alisation d\u2019instruments \u00e9lectroniques d\u2019observation de la basse atmosph\u00e8re afin de contribuer et de r\u00e9pondre aux pr\u00e9occupations de l\u2019humanit\u00e9 en mati\u00e8re d\u2019environnement terrestre et de qualit\u00e9 de vie.<\/p>\n\n\n\n<h2><strong>Axes de recherche<\/strong><\/h2>\n\n\n\n<p>Conform\u00e9ment \u00e0 de telles missions exprim\u00e9es lors de la cr\u00e9ation du L.T.I.R., les principaux axes de recherche d\u00e9velopp\u00e9s par les membres du LTIR sont :<br>&#8211; L\u2019\u00e9tude, la mod\u00e9lisation et la caract\u00e9risation de basse atmosph\u00e8re et la r\u00e9alisation de circuits microondes pour les radars terrestres d\u2019observation de l\u2019atmosph\u00e8re.<br>&#8211; L\u2019analyse, la mod\u00e9lisation et le traitement d\u2019images satellitaires mutisources (optique,radar, lidar, etc.) associ\u00e9s aux syst\u00e8mes d\u2019information g\u00e9ographique.<br>&#8211; L\u2019analyse, la mod\u00e9lisation et le traitement d\u2019images biom\u00e9dicales et biom\u00e9triques et leurs repr\u00e9sentations 3D.<\/p>\n\n\n\n<h2><strong>Domaines d\u2019application<\/strong><\/h2>\n\n\n\n<p>Les th\u00e9matiques d\u00e9velopp\u00e9es par les \u00e9quipes de recherche du LTIR sont adoss\u00e9es \u00e0 des applications dans divers domaines tels que :<br>&#8211; Les t\u00e9l\u00e9communications (antennes, circuits THF, etc.), les technologies spatiales, l\u2019instrumentation radar,<br>&#8211; La m\u00e9t\u00e9orologie, l\u2019hydrologie, les \u00e9nergies renouvelables (conversion photovolta\u00efque, \u00e9olienne, etc .<br>&#8211; Les technologies de l\u2019information et l\u2019informatisation, l\u2019am\u00e9nagement du territoire, le d\u00e9veloppement des r\u00e9gions arides, gestion des ressources en eau, la gestion des catastrophes naturelles, l\u2019environnement terrestre et atmosph\u00e9rique, etc,<br>&#8211; La sant\u00e9 (cardiologie, etc.), l\u2019imagerie m\u00e9dicale, les biotechniques (biom\u00e9trie)<\/p>\n\n\n\n<p>Les membres permanents du LTIR participent \u00e0 la formation et \u00e0 l\u2019encadrement des chercheurs \u00e0 travers l\u2019\u00e9cole doctorale et les post-graduations suivantes :<br><strong>PG : Traitement du Signal et des Images<\/strong><br><strong>PG : Rayonnement atmosph\u00e9rique<\/strong><br>Ecole Doctorale des Technologies et des Applications Spatiales : Option : Traitement d\u2019Images et Syst\u00e8mes d\u2019Information G\u00e9ographique (SIG).<\/p>\n\n\n\n<p>Notons que chaque ann\u00e9e, une vingtaine de doctorants, une vingtaine d\u2019\u00e9tudiants en premi\u00e8re ann\u00e9e post graduation et plusieurs dizaines d\u2019\u00e9tudiants en graduation (fili\u00e8re \u00c9lectronique) fr\u00e9quentent le LTIR pour effectuer des travaux de recherche dans le cadre de la pr\u00e9paration de leur th\u00e8se, de leur magister ou de leur m\u00e9moire de fin d\u2019\u00e9tudes.<\/p>\n\n\n\n<h2><strong>Coop\u00e9ration Nationale et Internationale<\/strong><\/h2>\n\n\n\n<p>Le laboratoire de Traitement d\u2019Images et Rayonnement entretient des relations de coop\u00e9ration avec des organismes, des institutions et des laboratoires nationaux et \u00e9trangers :<\/p>\n\n\n\n<p><strong>Au niveau national<\/strong><\/p>\n\n\n\n<p>Agence Spatiale Alg\u00e9rienne (ASAL).<br>Office Nationale de la m\u00e9t\u00e9orologie (ONM).<br>Conseil National de l\u2019Information G\u00e9ographique (CNIG).<br>Institut des Sciences de la Mer et de l\u2019Am\u00e9nagement du Littoral (ISMAL).<br>Institut National de Cartographie et T\u00e9l\u00e9d\u00e9tection (INCT).<br>Centre des Techniques Spatiales (CTS, Arzew\/ASAL).<br>Institut des Sciences de la Nature de l\u2019USTHB.<br>Institut des Sciences de la Terre de l\u2019USTHB.<\/p>\n\n\n\n<p><strong>Au niveau international<\/strong><\/p>\n\n\n\n<p>Agence Spatiale Europ\u00e9enne (E.S.A\/E.S.R.I.N, Italie).<br>Agence Spatiale Canadienne (ASC, Canada).<br>Ecole des Mines de Paris, Nice, France.<br>Ecole Nationale Sup\u00e9rieure des T\u00e9l\u00e9communications de Brest, France.<br>Universit\u00e9 de Paul Sabatier, Toulouse, France.<br>Universit\u00e9 de Paris 13, Paris, France.<br>Laboratoire d\u2019imagerie fonctionnelle, Universit\u00e9 Paris 12.<\/p>\n\n\n\n<p><strong>Techniques utilis\u00e9es<\/strong><\/p>\n\n\n\n<p>Transform\u00e9es multi-\u00e9chelles, multi-r\u00e9solutions, pyramidale, etc.<br>Transformations lin\u00e9aires (ACP, AC AF, EDP, etc.) Approches de classification structurale, probabiliste, neuronale, biomim\u00e9tiques, etc.<br>Approches d\u2019interpolation d\u2019orbites satellitaires, de reconstruction de la g\u00e9om\u00e9trie radar et de traitements interf\u00e9rom\u00e9triques et polarim\u00e9triques d\u2019images radar SAR et Lidar, etc.<br>Approches de vectorisation semi-automatique, d\u2019indexation spatiale, de mod\u00e9lisation topologique 2D, 3D sur SIG, etc.<br>Etude, mod\u00e9lisation et d\u00e9veloppement d\u2019instrumentation \u00e9lectronique (microcontr\u00f4leurs, DSP, FPGA, etc.) et de circuits constitutifs d\u2019un radar (circuits RF et microondes, antennes, lignes.) pour l\u2019observation de la basse atmosph\u00e8re et les mesures de param\u00e8tres m\u00e9t\u00e9orologiques.<\/p>\n\n\n\n<p>Les donn\u00e9es utilis\u00e9es par les chercheurs du LTIR, relatives aux applications d\u00e9velopp\u00e9es sont essentiellement : des bases de donn\u00e9es images satellitaires optique (multispectrales, multir\u00e9solutions, multitemporelles), Radar (PRI, SLC, en couples interf\u00e9rom\u00e9triques, en bi et quadri polarisation) et Lidar bathym\u00e9triques ; des bases de donn\u00e9es vectoris\u00e9es (couches et fichiers attributs), des bases de donn\u00e9es m\u00e9t\u00e9orologiques et s\u00e9ries temporelles d\u2019images radar au sol ; des bases de donn\u00e9es biom\u00e9triques (empreintes, iris, etc.) ; des bases donn\u00e9es images biom\u00e9dicales (scanner, \u00e9chographie, IRM, etc.) et des mesures in situ.<\/p>\n","protected":false},"excerpt":{"rendered":"<p>Cr\u00e9\u00e9 en Juillet 2000,le Laboratoire Traitement d\u2019Images et Rayonnement de la Facult\u00e9 de G\u00e9nie El\u00e9ctrique (FGE), Universit\u00e9 des Sciences et Technologie Houari Boumedi\u00e8ne(USTHB)est form\u00e9 de quatre \u00e9quipes de recherche dont les principaux axes de recherche fondamentale et de recherche-d\u00e9veloppement sont <span class=\"readmore\"><a href=\"https:\/\/ltir.usthb.dz\/index.php\/presentation\/\">Continue Reading<\/a><\/span><\/p>\n","protected":false},"author":1,"featured_media":0,"parent":0,"menu_order":0,"comment_status":"closed","ping_status":"closed","template":"","meta":[],"_links":{"self":[{"href":"https:\/\/ltir.usthb.dz\/index.php\/wp-json\/wp\/v2\/pages\/22"}],"collection":[{"href":"https:\/\/ltir.usthb.dz\/index.php\/wp-json\/wp\/v2\/pages"}],"about":[{"href":"https:\/\/ltir.usthb.dz\/index.php\/wp-json\/wp\/v2\/types\/page"}],"author":[{"embeddable":true,"href":"https:\/\/ltir.usthb.dz\/index.php\/wp-json\/wp\/v2\/users\/1"}],"replies":[{"embeddable":true,"href":"https:\/\/ltir.usthb.dz\/index.php\/wp-json\/wp\/v2\/comments?post=22"}],"version-history":[{"count":4,"href":"https:\/\/ltir.usthb.dz\/index.php\/wp-json\/wp\/v2\/pages\/22\/revisions"}],"predecessor-version":[{"id":52,"href":"https:\/\/ltir.usthb.dz\/index.php\/wp-json\/wp\/v2\/pages\/22\/revisions\/52"}],"wp:attachment":[{"href":"https:\/\/ltir.usthb.dz\/index.php\/wp-json\/wp\/v2\/media?parent=22"}],"curies":[{"name":"wp","href":"https:\/\/api.w.org\/{rel}","templated":true}]}}