{"id":212,"date":"2023-10-23T10:28:32","date_gmt":"2023-10-23T10:28:32","guid":{"rendered":"http:\/\/193.194.89.189\/wp_ltir\/?page_id=212"},"modified":"2023-10-23T10:31:36","modified_gmt":"2023-10-23T10:31:36","slug":"communications-nationales","status":"publish","type":"page","link":"https:\/\/ltir.usthb.dz\/index.php\/communications-nationales\/","title":{"rendered":"Communications Nationales"},"content":{"rendered":"\n<p><strong>S. OURABIA AND Y. SMARA.<\/strong> Pansharpening Methods Based on Contourlet Transform Applied to Urban Areas. 6\u00e8mes JSLTIR, 14-15 d\u00e9cembre 2015, USTHB, Alger,<br>Alg\u00e9rie.<\/p>\n\n\n\n<p><strong>S. MASSOUT AND Y. SMARA.<\/strong> Multispectral and panchromatic data fusion assessment based on the QNR. 6\u00e8mes JSLTIR, 14-15 d\u00e9cembre 2015, USTHB, Alger, Alg\u00e9rie.<\/p>\n\n\n\n<p><strong>S. BOUTARFA, L. BOUCHEMAKH AND Y. SMARA. <\/strong>Speckle Filtering in PolSAR Images by Sigma filters. 6\u00e8mes JSLTIR, 14-15 d\u00e9cembre 2015, USTHB, Alger, Alg\u00e9rie<\/p>\n\n\n\n<p><strong>H. KHENOUCHI AND Y. SMARA. <\/strong>SAR polarimetry for sea oil slick observation. 6\u00e8mes JSLTIR, 14-15 d\u00e9cembre 2015, USTHB, Alger, Alg\u00e9rie.<\/p>\n\n\n\n<p><strong>Y. SMARA.<\/strong> Satellites D&#8217;observation De La Terre : Pr\u00e9sent Et Futur. 6\u00e8mes JSLTIR, 14-15 d\u00e9cembre 2015, USTHB, Alger, Alg\u00e9rie.<\/p>\n\n\n\n<p><strong>L. BOUCHEMAKH, S. BOUTARFA, Y. SMARA, A. BOUFENISSA &amp; H. AMEUR. <\/strong>On denoisingpolarimetric radar images using constant false alarm detector.International Conference on Signal, Image, Vision and their Applications SIVA\u201915, November 23-25, 2015, Guelma, Algeria.<\/p>\n\n\n\n<p><strong>A. LACHEB &amp; Y. SMARA.<\/strong>Simulation of SAR image generation scheme. International Conference on Signal, Image, Vision and their Applications SIVA\u201915, November 23-25, 2015, Guelma, Algeria.<\/p>\n\n\n\n<p><strong>M. BAADECHE &amp; Y. SMARA. <\/strong>D\u00e9tection des contours sur des images ERS-1 et AIRSAR. Conf\u00e9rence ICESTI\u20192012, 05- 07 novembre 2012, Annaba, Alg\u00e9rie.<\/p>\n\n\n\n<p>Y. SMARA. Pr\u00e9sentation du Laboratoire LTIR. Journ\u00e9es scientifiques du laboratoire D\u2019\u00e9lectronique avanc\u00e9e JSLEA\u20192013, 17-18 Avril 2013, Batna, Alg\u00e9rie.<\/p>\n\n\n\n<p><strong>S. OURABIA, S. BOUTARFA &amp; Y.SMARA.<\/strong> Filtrage d\u2019Images radar SAR par l\u2019Approche de la Transform\u00e9e en Contourlettes. Conf\u00e9rence ICESTI\u20192012, 05- 07 novembre 2012, Annaba, Alg\u00e9rie<\/p>\n\n\n\n<p><strong>S. BOUTARFA, L. BOUCHEMAKH &amp; Y.SMARA.<\/strong> Filtrage TURBO du speckle appliqu\u00e9 aux images radar SAR polarim\u00e9triques. Conf\u00e9rence ICESTI\u20192012, 05- 07 novembre 2012, Annaba, Alg\u00e9rie.<\/p>\n\n\n\n<p><strong>B. MIHOUBI, N. SOUAG, Y. AMRANE ,<\/strong> Estimation par la courbure du mouvement cardiaque sur des images cin\u00e9-IRM, International Conference on Signal, Image, Vision and their Applications SIVA\u201911, November 21-24, 2011, Guelma Algeria. <a href=\"http:\/\/www.univ-guelma.dz\/seminaire\">http:\/\/www.univ-guelma.dz\/seminaire<\/a>&#8230;.<\/p>\n\n\n\n<p><strong>A. LACHEB &amp; Y. SMARA. <\/strong>Simulation d\u2019images radar SAR. International Conference on Signal, Image, Vision and their Applications SIVA\u201911, November 21-24, 2011, Guelma Algeria. <a href=\"http:\/\/www.univ-guelma.dz\/seminaire\">http:\/\/www.univ-guelma.dz\/seminaire<\/a>&#8230;.<\/p>\n\n\n\n<p><strong>M. BAADECHE &amp; Y. SMARA.<\/strong> D\u00e9tection des Structures Lin\u00e9aires sur des Images Radar SAR. International Conference on Signal, Image, Vision and their Applications SIVA\u201911, November 21-24, 2011, Guelma Algeria. <a href=\"http:\/\/www.univ-guelma.dz\/seminaire\">http:\/\/www.univ-guelma.dz\/seminaire<\/a>&#8230;<\/p>\n\n\n\n<p><strong>S. MASSOUT &amp; Y. SMARA.<\/strong> D\u00e9veloppement et \u00e9valuation d\u2019algorithmes de fusion d\u2019images satellitaires. 5emes JSLTIR, 6-7 Juin 2011, USTHB, Alger, Alg\u00e9rie.<\/p>\n\n\n\n<p><strong>L. BOUCHEMAKH, G. MERCIER &amp; Y. SMARA.<\/strong> Mod\u00e9lisation par la th\u00e9orie des copules des images radar multipolarisees. 5\u00e8mes JSLTIR, 6-7 Juin 2011, USTHB, Alger, Alg\u00e9rie.<\/p>\n\n\n\n<p><strong>S. BOUTARFA, L. BOUCHEMAKH &amp; Y.SMARA.<\/strong> Filtrage des images radar sar polarim\u00e9triques par les ondelettes. 5\u00e8mes JSLTIR, 6-7 Juin 2011, USTHB, Alger, Alg\u00e9rie.<br>M. BAADECHE, Y. SMARA. D\u00e9tection des routes sur des images SAR. 5\u00e8mes JSLTIR, 6-7 Juin 2011, USTHB, Alger, Alg\u00e9rie.<\/p>\n\n\n\n<p><strong>A. BELHADJ AISSA &amp; Y. SMARA.<\/strong> Atelier sur le Traitement d\u2019Images Satellitaires et Applications. CGE\u201907, 12-13 avril 2011. Bordj-El-Bahri, Alger, Alg\u00e9rie. <a href=\"http:\/\/www.emp.edu.dz\/CGE07\/CGE07.pdf\">http:\/\/www.emp.edu.dz\/CGE07\/CGE07.pdf<\/a><\/p>\n\n\n\n<p><strong>S. BOUTARFA, L. BOUCHEMAKH, Y. SMARA. <\/strong>Filtrage des Images Radar POLSAR par les Filtres Sigma et PWF Am\u00e9lior\u00e9s. CGE\u201907, 12-13 avril 2011. Bordj-El-Bahri, Alger, Alg\u00e9rie.<a href=\"http:\/\/www.emp.edu.dz\/CGE07\/CGE07.pdf\">http:\/\/www.emp.edu.dz\/CGE07\/CGE07.pdf<\/a><\/p>\n\n\n\n<p><strong>A. FAID, R. RIAS, Y. SMARA &amp; V. CASELLES. <\/strong>Emissivit\u00e9 de la r\u00e9gion de Bejaia a partir d\u2019une image Landsat tm 5. Congr\u00e8s National sur les T\u00e9l\u00e9communications et leurs Applications CNTA\u2019 09, 23-24 Mai 2009, Bejaia, Alg\u00e9rie. <a href=\"http:\/\/www.scribd.com\/doc\/50116865\/\">http:\/\/www.scribd.com\/doc\/50116865\/<\/a>&#8230;<\/p>\n\n\n\n<p><strong>S. BOUTARFA, Y. SMARA, L. BOUCHEMAKH &amp; Z. HAMADACHE :<\/strong> Nouvelles approches de Filtrage du Speckle dans les Images Radar SAR Polarim\u00e9triques. CGE\u201906, 13-14 avril 2009. Bordj-El-Bahri, Alger, Alg\u00e9rie. Bordj-El-Bahri, Alger, Alg\u00e9rie. <a href=\"http:\/\/www.emp.edu.dz\/Manif_Scienti\">http:\/\/www.emp.edu.dz\/Manif_Scienti<\/a>&#8230;<\/p>\n\n\n\n<p><strong>Y. SMARA, B. LOUNIS, S. BOUCHAIB &amp; A. BELHADJ AISSA :<\/strong> Detection et identification des nappes d\u2019hydrocarbures a partir des images satellitaires radar SAR. Journ\u00e9e d\u2019Etude Sur Les Applications de la T\u00e9l\u00e9d\u00e9tection Aux Sciences de la Mer 16 Avril 2008. ISMAL, Alger, Alg\u00e9rie.<\/p>\n\n\n\n<p><strong>H. AKLIOUAT, Y. SMARA &amp; L. BOUCHEMAKH :<\/strong> Formation d\u2019images Radar SAR A Partir De Donn\u00e9es Radar Brutes : Application A La R\u00e9gion De Boumerdes (Algerie). 2\u00e8me Conf\u00e9rence sur la Vision Artificielle CVA\u201907, 18-20 Novembre 2007, Tizi Ouzou, Alg\u00e9rie.<\/p>\n\n\n\n<p><strong>S. MASSOUT, N. OUARAB &amp; Y. SMARA :<\/strong> Fusion des images satellitaires par la pyramide morphologique. CGE\u201905, 16-17 avril 2007. Bordj-El-Bahri, Alger, Alg\u00e9rie.<\/p>\n\n\n\n<p><strong>Y. SMARA : <\/strong>Filtrage des images radar SAR : algorithmes et Applications.CGE\u201905, 16-17 avril 2007. Bordj-El-Bahri, Alger, Alg\u00e9rie.<\/p>\n\n\n\n<p><strong>Y. SMARA :<\/strong> Imagerie hyper spectrale. Semaine spatiale alg\u00e9rienne, 11 et 12 D\u00e9cembre 2006, Tlemcen, Alg\u00e9rie.<\/p>\n\n\n\n<p><strong>Y. SMARA :<\/strong> Radar and Synthetic Aperture Radar Basics. 3rd International Summer School on Signal Processing and its Applications, I3SPA\u201906 , JIJEL (Alg\u00e9rie).<\/p>\n\n\n\n<p><strong>A. BELHADJ-AISSA, M. BELHADJ-AISSA &amp; Y. SMARA : <\/strong>Topographie des zones sismiques \u00e0 partir des images SLCI radar SAR.S\u00e9minaire International ONU\/Alg\u00e9rie\/ESA, du 22 au 26 mai 2005 \u00e0 Alger.<\/p>\n\n\n\n<p><strong>M. BELHADJ-AISSA, A. BELHADJ-AISSA &amp; Y. SMARA :<\/strong> Aide \u00e0 la d\u00e9cision et la pr\u00e9vention pour la lutte des feux de for\u00eat. Carte de risque, Simulation de feux. S\u00e9minaire International ONU\/Alg\u00e9rie\/ESA, du 22 au 26 mai 2005 \u00e0 Alger.<\/p>\n\n\n\n<p><strong>M. IDDIR-ZAIT, Y. SMARA, A. CHEKKAL &amp; K. BELOUAR :<\/strong>Restauration d\u2019images par m\u00e9thode variationnelle en vue de leur classification. Second Polytechnic Symposium on Signal Processing PSSP\u201904, 15 Septembre 2004, Alger , Alg\u00e9rie.<\/p>\n\n\n\n<p><strong>Y. SMARA :<\/strong> Satellites de t\u00e9l\u00e9d\u00e9tection \u00e0 tr\u00e8s haute r\u00e9solution : syst\u00e8mes et applications. The International Conference on Complex Systems, Cisc\u201904, 6-8 septembre 2004. Jijel, Alg\u00e9rie.<\/p>\n\n\n\n<p><strong>N. OUARAB &amp; Y. SMARA :<\/strong> Classification floue modifi\u00e9e sur des images de fusion. Conf\u00e9rence SNAS 2002, 27-28 octobre 2002, Annaba, Alg\u00e9rie.<\/p>\n\n\n\n<p><strong>Y. SMARA :<\/strong>Caract\u00e9risation de pollution marine par t\u00e9l\u00e9d\u00e9tection radar. Conf\u00e9rence IMPAC-2002, 22-23 Octobre 2002, Boumerdes, Alg\u00e9rie.<\/p>\n\n\n\n<p><strong>Y. SMARA, M.BELHADJ-AISSA &amp; A.BELHADJ-AISSA :<\/strong> Application des nouvelles technologies pour la pr\u00e9vention et la gestion des feux de forets.S\u00e9minaire national sur la pr\u00e9vention et la lutte contre les incendies de forets, 11-13 MAI 2002, Batna, ALGERIE.<\/p>\n\n\n\n<p><strong>N. OUARAB &amp; Y. SMARA : <\/strong>Application de l\u2019analyse multir\u00e9solution et des m\u00e9thodes floues pour la fusion et la classification d\u2019images satellitaires. First Polytechnic Symposium on Signal Processing PSSP\u201901, 25 Avril 2002, Alger, Alg\u00e9rie.<\/p>\n\n\n\n<p><strong>Y.SMARA :<\/strong> Imagerie radar et fusion de donn\u00e9es satellitaires. First Polytechnic Symposium on Signal Processing PSSP\u201901, 25 Avril 2002, Alger , Alg\u00e9rie.<\/p>\n\n\n\n<p><strong>Y. SMARA : <\/strong>Satellites haute r\u00e9solution de t\u00e9l\u00e9d\u00e9tection. Journ\u00e9es scientifiques sur la t\u00e9l\u00e9d\u00e9tection en m\u00e9t\u00e9orologie, 30 d\u00e9cembre 2001 au 01 Janvier 2002, Tamanrasset, Alg\u00e9rie.<\/p>\n\n\n\n<p><strong>Y. SMARA : <\/strong>Imagerie satellitaire Multisources, S\u00e9minaire S.I.M.P.A.\u20192001, USTHB, Alger,Alg\u00e9rie.<\/p>\n\n\n\n<p><strong>Y. SMARA :<\/strong>Recherche et technologie appropri\u00e9es. Conf\u00e9rence Nationale sur l\u2019Universit\u00e9 . 01-03 Avril 2001, Sidi Bel Abes, Alg\u00e9rie.<\/p>\n\n\n\n<p><strong>Y. SMARA :<\/strong> Imagerie satellitaire pour la d\u00e9tection de la pollution c\u00f4ti\u00e8re. Conf\u00e9rence IMPAC-2000, 23-24 Octobre 2000, Boumerdes, Alg\u00e9rie.<\/p>\n\n\n\n<p><strong>Y. SMARA : <\/strong>Imagerie radar et fusion de donn\u00e9es satellitaires multisources. S\u00e9minaire DAT\u20192000, 07 au 09 Mai 2000, ESDAT-Reghaia, Alger .<\/p>\n","protected":false},"excerpt":{"rendered":"<p>S. OURABIA AND Y. SMARA. Pansharpening Methods Based on Contourlet Transform Applied to Urban Areas. 6\u00e8mes JSLTIR, 14-15 d\u00e9cembre 2015, USTHB, Alger,Alg\u00e9rie. S. MASSOUT AND Y. SMARA. Multispectral and panchromatic data fusion assessment based on the QNR. 6\u00e8mes JSLTIR, 14-15 <span class=\"readmore\"><a href=\"https:\/\/ltir.usthb.dz\/index.php\/communications-nationales\/\">Continue Reading<\/a><\/span><\/p>\n","protected":false},"author":1,"featured_media":0,"parent":0,"menu_order":0,"comment_status":"closed","ping_status":"closed","template":"","meta":[],"_links":{"self":[{"href":"https:\/\/ltir.usthb.dz\/index.php\/wp-json\/wp\/v2\/pages\/212"}],"collection":[{"href":"https:\/\/ltir.usthb.dz\/index.php\/wp-json\/wp\/v2\/pages"}],"about":[{"href":"https:\/\/ltir.usthb.dz\/index.php\/wp-json\/wp\/v2\/types\/page"}],"author":[{"embeddable":true,"href":"https:\/\/ltir.usthb.dz\/index.php\/wp-json\/wp\/v2\/users\/1"}],"replies":[{"embeddable":true,"href":"https:\/\/ltir.usthb.dz\/index.php\/wp-json\/wp\/v2\/comments?post=212"}],"version-history":[{"count":2,"href":"https:\/\/ltir.usthb.dz\/index.php\/wp-json\/wp\/v2\/pages\/212\/revisions"}],"predecessor-version":[{"id":218,"href":"https:\/\/ltir.usthb.dz\/index.php\/wp-json\/wp\/v2\/pages\/212\/revisions\/218"}],"wp:attachment":[{"href":"https:\/\/ltir.usthb.dz\/index.php\/wp-json\/wp\/v2\/media?parent=212"}],"curies":[{"name":"wp","href":"https:\/\/api.w.org\/{rel}","templated":true}]}}