{"id":209,"date":"2023-10-23T10:26:05","date_gmt":"2023-10-23T10:26:05","guid":{"rendered":"http:\/\/193.194.89.189\/wp_ltir\/?page_id=209"},"modified":"2023-10-23T10:30:52","modified_gmt":"2023-10-23T10:30:52","slug":"divers","status":"publish","type":"page","link":"https:\/\/ltir.usthb.dz\/index.php\/divers\/","title":{"rendered":"Divers"},"content":{"rendered":"\n<p><strong>Prestations de services :<\/strong><\/p>\n\n\n\n<p><strong>A.Nature de l\u2019activit\u00e9 : <\/strong>Ecole doctorale en Technologies et Applications spatiales,<\/p>\n\n\n\n<p>Option :Traitement d\u2019images et Syst\u00e8me d\u2019Information G\u00e9ographique.<\/p>\n\n\n\n<p><strong>b.B\u00e9n\u00e9ficiaire :<\/strong> L\u2019agence spatiale Alg\u00e9rienne, pour la mise en \u0153uvre du Programme Spatial National (PSN).<\/p>\n\n\n\n<p><strong>c.Montants en 103 DA :<\/strong> N\u00e9ant.<\/p>\n\n\n\n<p><strong>Autres activit\u00e9s :<\/strong><\/p>\n\n\n\n<p>Journ\u00e9e d\u2019Etude Scientifique entre les Laboratoires de l\u2019USTHB, dont le LTIR, sur les Energies Renouvelables, U.S.T.H.B., Alger, Alg\u00e9rie,14.03.2011 :<\/p>\n\n\n\n<p>Pr\u00e9sentation d\u2019une communication intitul\u00e9e \u2019R\u00e9flexion sur les Energies Renouvelables : une opportunit\u00e9 pour l\u2019inclusion sociale par le savoir et l\u2019innovation\u2019 par F. Youcef Ettoumi.<\/p>\n","protected":false},"excerpt":{"rendered":"<p>Prestations de services : A.Nature de l\u2019activit\u00e9 : Ecole doctorale en Technologies et Applications spatiales, Option :Traitement d\u2019images et Syst\u00e8me d\u2019Information G\u00e9ographique. b.B\u00e9n\u00e9ficiaire : L\u2019agence spatiale Alg\u00e9rienne, pour la mise en \u0153uvre du Programme Spatial National (PSN). c.Montants en 103 <span class=\"readmore\"><a href=\"https:\/\/ltir.usthb.dz\/index.php\/divers\/\">Continue Reading<\/a><\/span><\/p>\n","protected":false},"author":1,"featured_media":0,"parent":0,"menu_order":0,"comment_status":"closed","ping_status":"closed","template":"","meta":[],"_links":{"self":[{"href":"https:\/\/ltir.usthb.dz\/index.php\/wp-json\/wp\/v2\/pages\/209"}],"collection":[{"href":"https:\/\/ltir.usthb.dz\/index.php\/wp-json\/wp\/v2\/pages"}],"about":[{"href":"https:\/\/ltir.usthb.dz\/index.php\/wp-json\/wp\/v2\/types\/page"}],"author":[{"embeddable":true,"href":"https:\/\/ltir.usthb.dz\/index.php\/wp-json\/wp\/v2\/users\/1"}],"replies":[{"embeddable":true,"href":"https:\/\/ltir.usthb.dz\/index.php\/wp-json\/wp\/v2\/comments?post=209"}],"version-history":[{"count":2,"href":"https:\/\/ltir.usthb.dz\/index.php\/wp-json\/wp\/v2\/pages\/209\/revisions"}],"predecessor-version":[{"id":217,"href":"https:\/\/ltir.usthb.dz\/index.php\/wp-json\/wp\/v2\/pages\/209\/revisions\/217"}],"wp:attachment":[{"href":"https:\/\/ltir.usthb.dz\/index.php\/wp-json\/wp\/v2\/media?parent=209"}],"curies":[{"name":"wp","href":"https:\/\/api.w.org\/{rel}","templated":true}]}}