{"id":201,"date":"2023-10-23T10:19:45","date_gmt":"2023-10-23T10:19:45","guid":{"rendered":"http:\/\/193.194.89.189\/wp_ltir\/?page_id=201"},"modified":"2023-10-29T09:01:43","modified_gmt":"2023-10-29T09:01:43","slug":"1-communications-nationales","status":"publish","type":"page","link":"https:\/\/ltir.usthb.dz\/index.php\/1-communications-nationales\/","title":{"rendered":"Communications Nationales"},"content":{"rendered":"\n<p>Pr\u00e9sentation de 23 communications \u00e0 diverses manifestations scientifiques de haut niveau organis\u00e9es \u00e0 l\u2019\u00e9chelle nationale :<\/p>\n\n\n\n<p><strong>O.RAAF and AEH.ADANE<\/strong> Analysis of rainy clouds surfaces observed in radar images, 3 rd International conference on Signal, Image, Vision and their applications, November 23-25 2015,pp.324-327 Guelma \u2013 Algeria<\/p>\n\n\n\n<p><strong>F. YOUCEF ETTOUMI. <\/strong>R\u00e9flexion sur les Energies Renouvelables : une opportunit\u00e9 pour l\u2019inclusion sociale par le savoir et l\u2019innovation. Journ\u00e9e d\u2019Etude Scientifique entre les Laboratoires de l\u2019USTHB, dont le LTIR, sur les Energies Renouvelables, U.S.T.H.B., Alger, Alg\u00e9rie,14.03.2011<\/p>\n\n\n\n<p><strong>F. YOUCEF ETTOUMI &amp; T. KAOUANE.<\/strong> Economic Profitability of Telephony Mobile Network : Optimisation of the Utilisation of Solar Energy. 1\u00e8re conf\u00e9rence acad\u00e9mique Alg\u00e9rie-Japon : Vers la promotion d\u2019une coop\u00e9ration acad\u00e9mique mutuelle,U.S.T.H.B., Alger, Alg\u00e9rie, 08-09.11.2010<\/p>\n\n\n\n<p><strong>H. HAMOUDI, B. HADDAD : <\/strong>Surveillance de la haute atmosph\u00e8re via les signaux GNSS\/GPS. 5\u00e8mes JSLTIR, 6-7 Juin 2011, USTHB, Alger, Alg\u00e9rie.<\/p>\n\n\n\n<p><strong>F. MOKDAD, B. HADDAD : <\/strong>estimation des pr\u00e9cipitations par imagerie satellitaire bas\u00e9e sur la m\u00e9thode Tamsat. 5\u00e8mes JSLTIR, 6-7 Juin 2011, USTHB, Alger, Alg\u00e9rie.<\/p>\n\n\n\n<p><strong>L. SADOUKI, B. HADDAD :<\/strong> Application de processus autor\u00e9gressif sur les images satellitaires. 5\u00e8mes JSLTIR, 6-7 Juin 2011, USTHB, Alger, Alg\u00e9rie.<\/p>\n\n\n\n<p><strong>N. AZZAZ , B. HADDAD : <\/strong>Analyse de la structure des pr\u00e9cipitations par imagerie satellitaire. 5\u00e8mes JSLTIR, 6-7 Juin 2011, USTHB, Alger, Alg\u00e9rie.<\/p>\n\n\n\n<p><strong>M. L. BENZAOUI, F. YOUCEF ETTOUMI, A. ADANE :<\/strong> Weather radar supplied with wind energy. 5\u00e8mes JSLTIR, 6-7 Juin 2011, USTHB, Alger, Alg\u00e9rie.<\/p>\n\n\n\n<p><strong>M. TAHANOUT, A. ADANE, J. PARENT DU CHATELET, S. AMEUR :<\/strong> R\u00e9duction des Ambig\u00fcit\u00e9s de distance et de vitesse pour un radar Doppler meteorologique par la Multiple-PRT. 5\u00e8mes JSLTIR, 6-7 Juin 2011, USTHB, Alger, Alg\u00e9rie.<\/p>\n\n\n\n<p><strong>O. RAAF, A.ADANE :<\/strong> extraction des champs de vitesse des pr\u00e9cipitations observ\u00e9es dans une image radar en utilisant le flot optique. 5\u00e8mes JSLTIR, 6-7 Juin 2011, USTHB, Alger, Alg\u00e9rie.<\/p>\n\n\n\n<p><strong>N. CHEGGAGA, F. YOUCEF ETTOUMI.<\/strong> Estimation du potentiel \u00e9olien. 1er S\u00e9minaire M\u00e9diterran\u00e9en sur l\u2019\u00e9nergie \u00e9olienne-SMEE\u20192010. Alger-11-12 Avril 2010<\/p>\n\n\n\n<p><strong>N. CHEGGAGA, F. YOUCEF ETTOUMI.<\/strong> Estimation du potentiel \u00e9olien. Innovation technique environnementale, Pollutec-ADEME. Paris, 1 &#8211; 4 d\u00e9cembre 2009.<\/p>\n\n\n\n<p><strong>N. CHEGGAGA ET Y. YOUCEF ETTOUMI.<\/strong> Processus autor\u00e9gressif pour l\u2019extrapolation verticale de la vitesse du vent, 3\u00e8me Conf\u00e9rence Internationale sur le G\u00e9nie Electrique (ICEE09), Alger, Alg\u00e9rie, 19-21.05.2009.<\/p>\n\n\n\n<p><strong>A. ADANE (Jr), A. Ali Yahia et A. A. ADANE (Sr).<\/strong> Contribution \u00e0 la caract\u00e9risation des anomalies de propagation des ondes RF dans la basse atmosph\u00e8re, DAT\u20192008, Alger, 23-25.11.2008.<\/p>\n\n\n\n<p><strong>A. ADANE.<\/strong> Pr\u00e9sentation du Laboratoire Traitement d\u2019Images et Rayonnement, DAT\u20192008, Alger, 23-25 Novembre 2008.<\/p>\n\n\n\n<p><strong>M. BOULIFA, A. ADANE, A. MEFTI et S. AMEUR.<\/strong> Estimation du flux global d\u2019irradiation solaire \u00e0 partir du bilan radiatif en ciel clair et par traitement d\u2019images METEOSAT, ICRE\u201907, Bedjaia, 2007.<\/p>\n\n\n\n<p><strong>M.L. BENZAOUI, F. YOUCEF ETTOUMI and A. ADANE .<\/strong> Modeling of photovoltaic regulation with MPPT , MS07, Alger, Alg\u00e9rie, 02-04 Juillet 2007.<\/p>\n\n\n\n<p><strong>M. LAZRI, B. HADDAD S. AMEUR et Y. MOHIA.<\/strong> Etude de comportement de la pluie par imagerie radar, SETIT2007, Sousse, Tunisie, Mars 2007.<\/p>\n\n\n\n<p><strong>Z. AMEUR, A. ADANE et S. AMEUR.<\/strong> Etude comparative des m\u00e9thodes de classification appliqu\u00e9e \u00e0 la segmentation d\u2019images textur\u00e9es, SETIT2007, Sousse, Tunisie, Mars 2007.<\/p>\n\n\n\n<p><strong>M. LAZRI, B. HADDAD et S. AMEUR.<\/strong> Analyse et mod\u00e9lisation des propri\u00e9t\u00e9s stochastiques des \u00e9chos de pr\u00e9cipitations par les mod\u00e8les stochastiques et probabilistes, STAT06, Tizi Ouzou, Mai 2006.<\/p>\n\n\n\n<p><strong>Z. AMEUR, A. ADANE et S. AMEUR.<\/strong> Classification d\u2019images textur\u00e9es bas\u00e9es sur les fr\u00e9quences des vecteurs de rangs, JTEA2006, Hammamet, Tunisie, Mai 2006.<\/p>\n\n\n\n<p><strong>M. BOULIFA, A. ADANE et A. MEFTI.<\/strong> Estimation du rayonnement solaire par traitement d\u2019images satellitaires : R\u00e9solution de l\u2019\u00e9quation de transfert radiatif, JTEA2006, Hammamet, Tunisie, Mai 2006.<\/p>\n\n\n\n<p><strong>M. LAZRI, B. HADDAD, S. AMEUR , M. SEHAD. <\/strong>Analyse des propri\u00e9t\u00e9s stochastiques des \u00e9chos radar observ\u00e9s au dessus d\u2019une r\u00e9gion c\u00f4ti\u00e8re, JTEA2006, Hammamet,Tunisie, Mai 2006.<\/p>\n\n\n\n<p><strong>O. RAAF et A. ADANE.<\/strong><a href=\"http:\/\/www.ltir.usthb.dz\/sites\/default\/files\/analyse des echos.pdf\"> Analyse de l\u2019\u00e9cho atmosph\u00e9rique<\/a>, Actes SETIT 2005, Sfax, Tunisie, 27-31 Mars 2005. 13.M.L. BENZAOUI and M. BENGHANEM, Simulation of Photovolta\u00efc water pumping in Matlab, MS\u201905, Rouen , France, 6-8 Juillet 2005.<\/p>\n\n\n\n<p><strong>M. TAHANOUTet A. ADANE. <\/strong>Contribution \u00e0 la r\u00e9alisation d\u2019un \u00e9metteur pour radar FM-CW fonctionnant \u00e0 3 GHz, Proc. DAT 2004 , 30 mai \u2013 1er juin 2004, Reghaia.<\/p>\n\n\n\n<p><strong>I. HAMOUDI et A. ADANE <\/strong>Contribution \u00e0 la r\u00e9alisation d\u2019un r\u00e9cepteur pour radar FM-CW fonctionnant \u00e0 3 GHz, Proc. DAT 2004 , 30 mai \u2013 1er juin 2004, Reghaia.<\/p>\n\n\n\n<p><strong>F. YOUCEF ETTOUMI. <\/strong>Analyse et mod\u00e9lisation des donn\u00e9es radar pour la pr\u00e9vision hydrologique, Proc. DAT 2004 , 30.5-1.6.5.2004, Reghaia.<\/p>\n\n\n\n<p><strong>L. SADOUKI, B. HADDAD, A. ADANE, R. NAILI et H. SAUVAGEOT.<\/strong> Elimination des echos du sol dans des images radar par approche texturale, Proc.CGE\u201901, Bordj El Kiffan, Alger, 25-26 D\u00e9cembre 2001.<\/p>\n\n\n\n<p><strong>HAMOUDI, A. ADANE et B. ATROUZ.<\/strong> Mise au point d\u2019un amplificateur d\u2019entr\u00e9e \u00e0 3 GHz en technologie microruban : application au radar FM-CW, Proc.CGE\u201901, Bordj El Kiffan, Alger, 25-26 D\u00e9cembre 2001.<\/p>\n\n\n\n<p><strong>M. TAHANOUT, A .ADANE, B. HADDAD et H. SAUVAGEOT.<\/strong> Conception d\u2019un \u00e9metteur de radar FM-CW pour la bande S, Proc.CGE\u201901, Bordj El Kiffan, Alger, 25-26 D\u00e9cembre 2001.<\/p>\n\n\n\n<p><strong>O. RAAF, R. NAILI, B. HADDAD, A. ADANE et H. SAUVAGEOT.<\/strong> Analyse des propri\u00e9t\u00e9s statistiques du clutter atmosph\u00e9rique pour la r\u00e9gion de S\u00e9tif, Proc.CGE\u201901, Bordj El Kiffan, Alger, 25-26 D\u00e9cembre 2001.<\/p>\n\n\n\n<p><strong>F. YOUCEF ETTOUMI et A. ADANE.<\/strong> Mod\u00e9lisation horaire de la direction du vent , proc.SCHEMMS 2000, Staoueli, Mai 2000. 4.F. Youcef Ettoumi, H. Sauvageot et A. Adane. Evaluation des ressources \u00e9oliennes en Alg\u00e9rie, Pollutec-Ademe Energies 2001, Paris, 4-7 D\u00e9cembre 2001.<\/p>\n\n\n\n<p><strong>F. YOUCEF ETTOUMI, A. ADANE et A. MEFTI. <\/strong>Conception et r\u00e9alisation d\u2019un pyranom\u00e8tre \u00e0 base de cellules photovoltaiques, proc.SCHEMMS 2000, Staoueli, Mai 2000.<\/p>\n\n\n\n<p><strong>Y. ADANE , A. HADJEM, B. HADDAD, R. NAILI et A. ADANE :<\/strong> Elimination des \u00e9chos fixes dans les images radar utilis\u00e9es pour l\u2019observation m\u00e9t\u00e9orologique , Proc. DAT 2000 , Reghaia, Mai 2000.<\/p>\n\n\n\n<p>file:&nbsp;<\/p>\n\n\n\n<p><img decoding=\"async\" alt=\"PDF icon\" src=\"http:\/\/193.194.89.126\/ltir\/modules\/file\/icons\/application-pdf.png\"> <a href=\"http:\/\/193.194.89.126\/ltir\/sites\/default\/files\/analyse%20des%20echos.pdf\">analyse des echos.pdf<\/a><\/p>\n","protected":false},"excerpt":{"rendered":"<p>Pr\u00e9sentation de 23 communications \u00e0 diverses manifestations scientifiques de haut niveau organis\u00e9es \u00e0 l\u2019\u00e9chelle nationale : O.RAAF and AEH.ADANE Analysis of rainy clouds surfaces observed in radar images, 3 rd International conference on Signal, Image, Vision and their applications, November <span class=\"readmore\"><a href=\"https:\/\/ltir.usthb.dz\/index.php\/1-communications-nationales\/\">Continue Reading<\/a><\/span><\/p>\n","protected":false},"author":1,"featured_media":0,"parent":0,"menu_order":0,"comment_status":"closed","ping_status":"closed","template":"","meta":[],"_links":{"self":[{"href":"https:\/\/ltir.usthb.dz\/index.php\/wp-json\/wp\/v2\/pages\/201"}],"collection":[{"href":"https:\/\/ltir.usthb.dz\/index.php\/wp-json\/wp\/v2\/pages"}],"about":[{"href":"https:\/\/ltir.usthb.dz\/index.php\/wp-json\/wp\/v2\/types\/page"}],"author":[{"embeddable":true,"href":"https:\/\/ltir.usthb.dz\/index.php\/wp-json\/wp\/v2\/users\/1"}],"replies":[{"embeddable":true,"href":"https:\/\/ltir.usthb.dz\/index.php\/wp-json\/wp\/v2\/comments?post=201"}],"version-history":[{"count":3,"href":"https:\/\/ltir.usthb.dz\/index.php\/wp-json\/wp\/v2\/pages\/201\/revisions"}],"predecessor-version":[{"id":220,"href":"https:\/\/ltir.usthb.dz\/index.php\/wp-json\/wp\/v2\/pages\/201\/revisions\/220"}],"wp:attachment":[{"href":"https:\/\/ltir.usthb.dz\/index.php\/wp-json\/wp\/v2\/media?parent=201"}],"curies":[{"name":"wp","href":"https:\/\/api.w.org\/{rel}","templated":true}]}}