{"id":197,"date":"2023-10-23T10:17:00","date_gmt":"2023-10-23T10:17:00","guid":{"rendered":"http:\/\/193.194.89.189\/wp_ltir\/?page_id=197"},"modified":"2023-10-29T12:09:04","modified_gmt":"2023-10-29T12:09:04","slug":"1-divers","status":"publish","type":"page","link":"https:\/\/ltir.usthb.dz\/index.php\/1-divers\/","title":{"rendered":"Divers"},"content":{"rendered":"\n<p><strong>SALON POLLUTEC, ADEME, INNOVATION TECHNIQUE ENVIRONNEMENTALE<\/strong><\/p>\n\n\n\n<p>Le Laboratoire de Traitement d\u2019Images et Rayonnement de la FEI \/ USTHB a \u00e9t\u00e9 prim\u00e9, \u00e0 travers sa repr\u00e9sentante le Professeur Fatiha Youcef Ettoumi, pour son projet de recherche sur les \u00e9nergies renouvelables. Son projet s\u2019appuie sur le d\u00e9veloppement et la mise au point d\u2019un logiciel permettant l\u2019extrapolation de la vitesse du vent dans le temps et dans l\u2019espace en 3 D (rayon, hauteur, temps) \u00e0 base de r\u00e9seaux de neurones pour un apprentissage de quelques jours, ou une exploitation des donn\u00e9es temps r\u00e9el.<\/p>\n\n\n\n<p><strong>1\u00e8re conf\u00e9rence acad\u00e9mique Alg\u00e9rie-Japon :<\/strong> Vers la promotion d\u2019une coop\u00e9ration acad\u00e9mique mutuelle,U.S.T.H.B., Alger, Alg\u00e9rie, 08-09.11.2010 :<\/p>\n\n\n\n<p><strong>Presentation d\u2019une communication intitul\u00e9e \u2019Economic Profitability of Telephony Mobile Network :<\/strong> Optimisation of the Utilisation of Solar Energy par F. Youcef Ettoumi &amp; T. Kaouane.<\/p>\n","protected":false},"excerpt":{"rendered":"<p>SALON POLLUTEC, ADEME, INNOVATION TECHNIQUE ENVIRONNEMENTALE Le Laboratoire de Traitement d\u2019Images et Rayonnement de la FEI \/ USTHB a \u00e9t\u00e9 prim\u00e9, \u00e0 travers sa repr\u00e9sentante le Professeur Fatiha Youcef Ettoumi, pour son projet de recherche sur les \u00e9nergies renouvelables. Son <span class=\"readmore\"><a href=\"https:\/\/ltir.usthb.dz\/index.php\/1-divers\/\">Continue Reading<\/a><\/span><\/p>\n","protected":false},"author":1,"featured_media":0,"parent":0,"menu_order":0,"comment_status":"closed","ping_status":"closed","template":"","meta":[],"_links":{"self":[{"href":"https:\/\/ltir.usthb.dz\/index.php\/wp-json\/wp\/v2\/pages\/197"}],"collection":[{"href":"https:\/\/ltir.usthb.dz\/index.php\/wp-json\/wp\/v2\/pages"}],"about":[{"href":"https:\/\/ltir.usthb.dz\/index.php\/wp-json\/wp\/v2\/types\/page"}],"author":[{"embeddable":true,"href":"https:\/\/ltir.usthb.dz\/index.php\/wp-json\/wp\/v2\/users\/1"}],"replies":[{"embeddable":true,"href":"https:\/\/ltir.usthb.dz\/index.php\/wp-json\/wp\/v2\/comments?post=197"}],"version-history":[{"count":3,"href":"https:\/\/ltir.usthb.dz\/index.php\/wp-json\/wp\/v2\/pages\/197\/revisions"}],"predecessor-version":[{"id":278,"href":"https:\/\/ltir.usthb.dz\/index.php\/wp-json\/wp\/v2\/pages\/197\/revisions\/278"}],"wp:attachment":[{"href":"https:\/\/ltir.usthb.dz\/index.php\/wp-json\/wp\/v2\/media?parent=197"}],"curies":[{"name":"wp","href":"https:\/\/api.w.org\/{rel}","templated":true}]}}