{"id":127,"date":"2023-10-10T10:49:17","date_gmt":"2023-10-10T10:49:17","guid":{"rendered":"http:\/\/193.194.89.189\/wp_ltir\/?page_id=127"},"modified":"2023-10-22T09:31:22","modified_gmt":"2023-10-22T09:31:22","slug":"actualite-2","status":"publish","type":"page","link":"https:\/\/ltir.usthb.dz\/index.php\/actualite-2\/","title":{"rendered":"Actualit\u00e9"},"content":{"rendered":"\n<figure class=\"wp-block-image\"><a href=\"http:\/\/www.usthb.dz\/AIPA2016\/\" target=\"_blank\" rel=\"noreferrer noopener\"><img decoding=\"async\" src=\"http:\/\/www.ltir.usthb.dz\/sites\/default\/files\/arton81-40727.gif\" alt=\"\"\/><\/a><\/figure>\n\n\n\n<p><a rel=\"noreferrer noopener\" href=\"http:\/\/www.usthb.dz\/AIPA2016\/\" target=\"_blank\">Le laboratoire LTIR organise<br>la troisi\u00e8me Ecole d\u00e9di\u00e9e<br>\u00e0 l&#8217;Imagerie Radar SAR et ses<br>Applicationsen <\/a><a>G\u00e9osciences<\/a><\/p>\n","protected":false},"excerpt":{"rendered":"<p>Le laboratoire LTIR organisela troisi\u00e8me Ecole d\u00e9di\u00e9e\u00e0 l&#8217;Imagerie Radar SAR et sesApplicationsen G\u00e9osciences<\/p>\n","protected":false},"author":1,"featured_media":0,"parent":0,"menu_order":0,"comment_status":"closed","ping_status":"closed","template":"","meta":[],"_links":{"self":[{"href":"https:\/\/ltir.usthb.dz\/index.php\/wp-json\/wp\/v2\/pages\/127"}],"collection":[{"href":"https:\/\/ltir.usthb.dz\/index.php\/wp-json\/wp\/v2\/pages"}],"about":[{"href":"https:\/\/ltir.usthb.dz\/index.php\/wp-json\/wp\/v2\/types\/page"}],"author":[{"embeddable":true,"href":"https:\/\/ltir.usthb.dz\/index.php\/wp-json\/wp\/v2\/users\/1"}],"replies":[{"embeddable":true,"href":"https:\/\/ltir.usthb.dz\/index.php\/wp-json\/wp\/v2\/comments?post=127"}],"version-history":[{"count":3,"href":"https:\/\/ltir.usthb.dz\/index.php\/wp-json\/wp\/v2\/pages\/127\/revisions"}],"predecessor-version":[{"id":191,"href":"https:\/\/ltir.usthb.dz\/index.php\/wp-json\/wp\/v2\/pages\/127\/revisions\/191"}],"wp:attachment":[{"href":"https:\/\/ltir.usthb.dz\/index.php\/wp-json\/wp\/v2\/media?parent=127"}],"curies":[{"name":"wp","href":"https:\/\/api.w.org\/{rel}","templated":true}]}}