{"id":111,"date":"2023-10-10T10:02:21","date_gmt":"2023-10-10T10:02:21","guid":{"rendered":"http:\/\/193.194.89.189\/wp_ltir\/?page_id=111"},"modified":"2023-10-22T09:44:08","modified_gmt":"2023-10-22T09:44:08","slug":"denomination","status":"publish","type":"page","link":"https:\/\/ltir.usthb.dz\/index.php\/denomination\/","title":{"rendered":"D\u00e9nomination"},"content":{"rendered":"\n<p><strong>Facult\u00e9 : <\/strong>G\u00e9nie \u00c9lectrique.<br><strong>Intitul\u00e9 du laboratoire : <\/strong>Traitement d\u2019images et Rayonnement LTIR.<br><strong>Date d\u2019agr\u00e9ment :<\/strong> 2002.<br><strong>Nom et pr\u00e9nom du Directeur :<\/strong>Mme Mounira OUARZEDDINE<br><strong>Email :<a href=\"mailto:ltirfei@yahoo.com\">ltirfei@yahoo.com<\/a> <\/strong>Fax :<br><strong>Nombre d\u2019\u00e9quipes de recherche:<\/strong> 4<br><strong>Nombre global de chercheurs avec statut :<\/strong> 93<br><strong>Nombre de chercheurs USTHB : <\/strong>76<br><strong>Nombre de chercheurs hors USTHB :<\/strong>17<\/p>\n","protected":false},"excerpt":{"rendered":"<p>Facult\u00e9 : G\u00e9nie \u00c9lectrique.Intitul\u00e9 du laboratoire : Traitement d\u2019images et Rayonnement LTIR.Date d\u2019agr\u00e9ment : 2002.Nom et pr\u00e9nom du Directeur :Mme Mounira OUARZEDDINEEmail :ltirfei@yahoo.com Fax :Nombre d\u2019\u00e9quipes de recherche: 4Nombre global de chercheurs avec statut : 93Nombre de chercheurs USTHB : <span class=\"readmore\"><a href=\"https:\/\/ltir.usthb.dz\/index.php\/denomination\/\">Continue Reading<\/a><\/span><\/p>\n","protected":false},"author":1,"featured_media":0,"parent":0,"menu_order":0,"comment_status":"closed","ping_status":"closed","template":"","meta":[],"_links":{"self":[{"href":"https:\/\/ltir.usthb.dz\/index.php\/wp-json\/wp\/v2\/pages\/111"}],"collection":[{"href":"https:\/\/ltir.usthb.dz\/index.php\/wp-json\/wp\/v2\/pages"}],"about":[{"href":"https:\/\/ltir.usthb.dz\/index.php\/wp-json\/wp\/v2\/types\/page"}],"author":[{"embeddable":true,"href":"https:\/\/ltir.usthb.dz\/index.php\/wp-json\/wp\/v2\/users\/1"}],"replies":[{"embeddable":true,"href":"https:\/\/ltir.usthb.dz\/index.php\/wp-json\/wp\/v2\/comments?post=111"}],"version-history":[{"count":4,"href":"https:\/\/ltir.usthb.dz\/index.php\/wp-json\/wp\/v2\/pages\/111\/revisions"}],"predecessor-version":[{"id":195,"href":"https:\/\/ltir.usthb.dz\/index.php\/wp-json\/wp\/v2\/pages\/111\/revisions\/195"}],"wp:attachment":[{"href":"https:\/\/ltir.usthb.dz\/index.php\/wp-json\/wp\/v2\/media?parent=111"}],"curies":[{"name":"wp","href":"https:\/\/api.w.org\/{rel}","templated":true}]}}